{"id":182,"date":"2019-01-14T05:17:01","date_gmt":"2019-01-14T05:17:01","guid":{"rendered":"http:\/\/felixkirsch.com\/?page_id=182"},"modified":"2019-01-14T21:09:32","modified_gmt":"2019-01-14T21:09:32","slug":"erganzungen-3-5","status":"publish","type":"page","link":"https:\/\/echokardio.de\/en\/erganzungen-3-5\/","title":{"rendered":"Erg\u00e4nzungen (3\/5) Aorteninsuffizienz"},"content":{"rendered":"<div data-elementor-type=\"wp-post\" data-elementor-id=\"182\" class=\"elementor elementor-182 elementor-bc-flex-widget\">\n\t\t\t\t\t\t<section class=\"elementor-section elementor-top-section elementor-element elementor-element-c306dbd elementor-section-boxed elementor-section-height-default elementor-section-height-default\" data-id=\"c306dbd\" data-element_type=\"section\" data-e-type=\"section\">\n\t\t\t\t\t\t<div class=\"elementor-container elementor-column-gap-default\">\n\t\t\t\t\t<div class=\"elementor-column elementor-col-100 elementor-top-column elementor-element elementor-element-f24d7a9\" data-id=\"f24d7a9\" data-element_type=\"column\" data-e-type=\"column\">\n\t\t\t<div class=\"elementor-widget-wrap elementor-element-populated\">\n\t\t\t\t\t\t<div class=\"elementor-element elementor-element-758d0ab elementor-widget elementor-widget-heading\" data-id=\"758d0ab\" data-element_type=\"widget\" data-e-type=\"widget\" data-widget_type=\"heading.default\">\n\t\t\t\t<div class=\"elementor-widget-container\">\n\t\t\t\t\t<h2 class=\"elementor-heading-title elementor-size-default\"><a href=\"http:\/\/asecho.org\/wordpress\/wp-content\/uploads\/2017\/04\/2017VavularRegurgitationGuideline.pdf\" rel=\"nofollow noopener\" target=\"_blank\">Aorteninsuffizienz (ASE 2017)<\/a><\/h2>\t\t\t\t<\/div>\n\t\t\t\t<\/div>\n\t\t\t\t<div class=\"elementor-element elementor-element-12d7998 elementor-widget elementor-widget-text-editor\" data-id=\"12d7998\" data-element_type=\"widget\" data-e-type=\"widget\" data-widget_type=\"text-editor.default\">\n\t\t\t\t<div class=\"elementor-widget-container\">\n\t\t\t\t\t\t\t\t\t<p>\u00a0<\/p><p style=\"margin: 0cm 0cm 0.0001pt; font-size: medium; font-family: Calibri, sans-serif; caret-color: #000000; color: #000000; font-style: normal; font-variant-caps: normal;\"><span style=\"font-family: Verdana, sans-serif; font-size: 10pt;\">Betroffen ist in Block 5 die Folie 55<\/span><\/p><p style=\"margin: 0cm 0cm 0.0001pt; font-size: medium; font-family: Calibri, sans-serif; caret-color: #000000; color: #000000; font-style: normal; font-variant-caps: normal;\"><b><span style=\"font-size: 14pt; font-family: Verdana, sans-serif; color: #cc0000;\">\u00a0<\/span><\/b><\/p><p style=\"margin: 0cm 0cm 0.0001pt; font-size: medium; font-family: Calibri, sans-serif; caret-color: #000000; color: #000000; font-style: normal; font-variant-caps: normal;\"><b><span style=\"font-size: 14pt; font-family: Verdana, sans-serif; color: #333333;\">Quantifizierung analog zu MI:<\/span><\/b><b><\/b><\/p><p style=\"margin: 0cm 0cm 0.0001pt; font-size: medium; font-family: Calibri, sans-serif; caret-color: #000000; color: #000000; font-style: normal; font-variant-caps: normal;\"><b><span style=\"font-size: 14pt; font-family: Verdana, sans-serif; color: #333333;\">zun\u00e4chst spezifische Kriterien \u00fcberpr\u00fcfen:<\/span><\/b><b><\/b><\/p><p style=\"margin: 0cm 0cm 0.0001pt; font-size: medium; font-family: Calibri, sans-serif; caret-color: #000000; color: #000000; font-style: normal; font-variant-caps: normal;\"><b><span lang=\"EN-US\" style=\"font-size: 14pt; font-family: Verdana, sans-serif; color: #333333;\">&#8211; VC &gt; 6 mm<\/span><\/b><b><\/b><\/p><p style=\"margin: 0cm 0cm 0.0001pt; font-size: medium; font-family: Calibri, sans-serif; caret-color: #000000; color: #000000; font-style: normal; font-variant-caps: normal;\"><b><span lang=\"EN-US\" style=\"font-size: 14pt; font-family: Verdana, sans-serif; color: #333333;\">&#8211; Pressure Half Time &lt; 200 ms<\/span><\/b><b><\/b><\/p><p style=\"margin: 0cm 0cm 0.0001pt; font-size: medium; font-family: Calibri, sans-serif; caret-color: #000000; color: #000000; font-style: normal; font-variant-caps: normal;\"><b><span style=\"font-size: 14pt; font-family: Verdana, sans-serif; color: #333333;\">&#8211; deutliches PISA<\/span><\/b><b><\/b><\/p><p style=\"margin: 0cm 0cm 0.0001pt; font-size: medium; font-family: Calibri, sans-serif; caret-color: #000000; color: #000000; font-style: normal; font-variant-caps: normal;\"><b><span style=\"font-size: 14pt; font-family: Verdana, sans-serif; color: #333333;\">&#8211; holodiastolischer Reflux in der Aorta desc., v.a. Aorta abd.<\/span><\/b><b><\/b><\/p><p style=\"margin: 0cm 0cm 0.0001pt; font-size: medium; font-family: Calibri, sans-serif; caret-color: #000000; color: #000000; font-style: normal; font-variant-caps: normal;\"><b><span style=\"font-size: 14pt; font-family: Verdana, sans-serif; color: #333333;\">&#8211; Flail Klappe<\/span><\/b><b><\/b><\/p><p style=\"margin: 0cm 0cm 0.0001pt; font-size: medium; font-family: Calibri, sans-serif; caret-color: #000000; color: #000000; font-style: normal; font-variant-caps: normal;\"><b><span style=\"font-size: 14pt; font-family: Verdana, sans-serif; color: #333333;\">&#8211; AI-Jet\/LVOT\u00a0<u>&gt;<\/u>\u00a065 % (wenn zentraler Jet)<\/span><\/b><b><\/b><\/p><p style=\"margin: 0cm 0cm 0.0001pt; font-size: medium; font-family: Calibri, sans-serif; caret-color: #000000; color: #000000; font-style: normal; font-variant-caps: normal;\"><b><span style=\"font-size: 14pt; font-family: Verdana, sans-serif; color: #333333;\">&#8211; dilatierter linker Ventrikel mit erhaltener Pumpfunktion<\/span><\/b><b><\/b><\/p><p style=\"margin: 0cm 0cm 0.0001pt; font-size: medium; font-family: Calibri, sans-serif; caret-color: #000000; color: #000000; font-style: normal; font-variant-caps: normal;\"><b><span style=\"font-size: 14pt; font-family: Verdana, sans-serif; color: #cc0000;\">\u00a0<\/span><\/b><\/p><p style=\"margin: 0cm 0cm 0.0001pt; font-size: medium; font-family: Calibri, sans-serif; caret-color: #000000; color: #000000; font-style: normal; font-variant-caps: normal;\">\u00a0<\/p><p style=\"margin: 0cm 0cm 0.0001pt; font-size: medium; font-family: Calibri, sans-serif; caret-color: #000000; color: #000000; font-style: normal; font-variant-caps: normal;\"><b><span style=\"font-size: 14pt; font-family: Verdana, sans-serif; color: #333333;\">wenn\u00a0<\/span><\/b><b><span style=\"font-size: 14pt; font-family: Verdana, sans-serif; color: #990000;\">mind. 4 Kriterien<\/span><\/b><b><span style=\"font-size: 14pt; font-family: Verdana, sans-serif; color: #333333;\">\u00a0zutreffend:\u00a0<\/span><\/b><b><span style=\"font-size: 14pt; font-family: Verdana, sans-serif; color: #990000;\">hochgradige<\/span><\/b><b><span style=\"font-size: 14pt; font-family: Verdana, sans-serif; color: #333333;\">\u00a0AI<\/span><\/b><b><\/b><\/p><p style=\"margin: 0cm 0cm 0.0001pt; font-size: medium; font-family: Calibri, sans-serif; caret-color: #000000; color: #000000; font-style: normal; font-variant-caps: normal;\"><b><span style=\"font-size: 14pt; font-family: Verdana, sans-serif; color: #333333;\">wenn zumindest\u00a0<\/span><\/b><b><span style=\"font-size: 14pt; font-family: Verdana, sans-serif; color: #990000;\">2-3\u00a0<\/span><\/b><b><span style=\"font-size: 14pt; font-family: Verdana, sans-serif; color: #333333;\">Kriterien zutreffend:\u00a0<\/span><\/b><b><span style=\"font-size: 14pt; font-family: Verdana, sans-serif; color: #990000;\">PISA<\/span><\/b><b><span style=\"font-size: 14pt; font-family: Verdana, sans-serif; color: #333333;\">-Verfahren einsetzen zur Quantifizierung der EROA*\/ des Refluxvolumens (RV):\u00a0<\/span><\/b><b><\/b><\/p><p style=\"margin: 0cm 0cm 0.0001pt; font-size: medium; font-family: Calibri, sans-serif; caret-color: #000000; color: #000000; font-style: normal; font-variant-caps: normal;\"><b><span style=\"font-size: 14pt; font-family: Verdana, sans-serif; color: #cc0000;\">\u00a0<\/span><\/b><\/p><p style=\"margin: 0cm 0cm 0.0001pt; font-size: medium; font-family: Calibri, sans-serif; caret-color: #000000; color: #000000; font-style: normal; font-variant-caps: normal;\"><b><span style=\"font-size: 14pt; font-family: Verdana, sans-serif; color: #333333;\">wenn\u00a0<\/span><\/b><b><span style=\"font-size: 14pt; font-family: Verdana, sans-serif; color: #990000;\">3 spezifische<\/span><\/b><b><span style=\"font-size: 14pt; font-family: Verdana, sans-serif; color: #333333;\">\u00a0Kriterien +\u00a0<\/span><\/b><b><span style=\"font-size: 14pt; font-family: Verdana, sans-serif; color: #990000;\">RV mind. 45\u00a0<\/span><\/b><b><span style=\"font-size: 14pt; font-family: Verdana, sans-serif; color: #333333;\">ml\/<\/span><\/b><b><span style=\"font-size: 14pt; font-family: Verdana, sans-serif; color: #990000;\">EROA<\/span><\/b><b><span style=\"font-size: 14pt; font-family: Verdana, sans-serif; color: #333333;\">\u00a0mind.\u00a0<\/span><\/b><b><span style=\"font-size: 14pt; font-family: Verdana, sans-serif; color: #990000;\">0.2 cm<sup>2<\/sup><\/span><\/b><b><\/b><\/p><p style=\"margin: 0cm 0cm 0.0001pt; font-size: medium; font-family: Calibri, sans-serif; caret-color: #000000; color: #000000; font-style: normal; font-variant-caps: normal;\"><b><u><span style=\"font-size: 14pt; font-family: Verdana, sans-serif; color: #333333;\">oder<\/span><\/u><\/b><b><span style=\"font-size: 14pt; font-family: Verdana, sans-serif; color: #333333;\">\u00a0<\/span><\/b><b><span style=\"font-size: 14pt; font-family: Verdana, sans-serif; color: #990000;\">EROA\u00a0<u>&gt;<\/u>\u00a00,3<\/span><\/b><b><span style=\"font-size: 14pt; font-family: Verdana, sans-serif; color: #333333;\">\u00a0bzw.\u00a0<\/span><\/b><b><span style=\"font-size: 14pt; font-family: Verdana, sans-serif; color: #990000;\">RV\u00a0<u>&gt;<\/u>\u00a060 ml<\/span><\/b><b><span style=\"font-size: 14pt; font-family: Verdana, sans-serif; color: #333333;\">:<\/span><\/b><b><\/b><\/p><p style=\"margin: 0cm 0cm 0.0001pt; font-size: medium; font-family: Calibri, sans-serif; caret-color: #000000; color: #000000; font-style: normal; font-variant-caps: normal;\"><b><span style=\"font-size: 14pt; font-family: Verdana, sans-serif; color: #990000;\">schwere<\/span><\/b><b><span style=\"font-size: 14pt; font-family: Verdana, sans-serif; color: #333333;\">\u00a0AI<\/span><\/b><\/p><h1 style=\"margin: 0cm 0cm 0.0001pt; break-after: avoid-page; font-size: 16pt; font-family: 'Calibri Light', sans-serif; color: #2f5496; font-style: normal; font-variant-caps: normal;\"><b><span style=\"font-size: 14pt; font-family: Verdana, sans-serif; color: black;\">\u00a0<\/span><\/b><\/h1><p><b style=\"caret-color: #000000; color: #000000; font-family: Calibri, sans-serif;\"><span style=\"font-size: 14pt; font-family: Verdana, sans-serif; color: #cc0000;\">\u00a0<\/span><\/b><span style=\"caret-color: #000000; font-style: normal; font-variant-caps: normal; font-size: 10pt; font-family: Verdana, sans-serif; color: #333333;\">* EROA: (2 x (PISA-Radius)<\/span><sup style=\"caret-color: #000000; color: #000000; font-family: Calibri, sans-serif; font-style: normal; font-variant-caps: normal;\"><span style=\"font-family: Verdana, sans-serif; color: #333333;\">2<\/span><\/sup><span style=\"caret-color: #000000; font-style: normal; font-variant-caps: normal; font-size: 10pt; font-family: Verdana, sans-serif; color: #333333;\">\u00a0x Pi x Valias)\/Vmax AI-Jet (CW)<\/span><\/p><p style=\"margin: 0cm 0cm 0.0001pt; font-size: medium; font-family: Calibri, sans-serif; caret-color: #000000; color: #000000; font-style: normal; font-variant-caps: normal;\">\u00a0<\/p>\t\t\t\t\t\t\t\t<\/div>\n\t\t\t\t<\/div>\n\t\t\t\t<div class=\"elementor-element elementor-element-f3f39ba elementor-widget elementor-widget-image\" data-id=\"f3f39ba\" data-element_type=\"widget\" data-e-type=\"widget\" data-widget_type=\"image.default\">\n\t\t\t\t<div class=\"elementor-widget-container\">\n\t\t\t\t\t\t\t\t\t\t\t\t\t\t\t<img fetchpriority=\"high\" decoding=\"async\" data-attachment-id=\"261\" data-permalink=\"https:\/\/echokardio.de\/en\/erganzungen-3-5\/aischema\/\" data-orig-file=\"https:\/\/i0.wp.com\/echokardio.de\/wp-content\/uploads\/2019\/01\/AISchema.png?fit=945%2C584&amp;ssl=1\" data-orig-size=\"945,584\" data-comments-opened=\"1\" data-image-meta=\"{&quot;aperture&quot;:&quot;0&quot;,&quot;credit&quot;:&quot;&quot;,&quot;camera&quot;:&quot;&quot;,&quot;caption&quot;:&quot;&quot;,&quot;created_timestamp&quot;:&quot;0&quot;,&quot;copyright&quot;:&quot;&quot;,&quot;focal_length&quot;:&quot;0&quot;,&quot;iso&quot;:&quot;0&quot;,&quot;shutter_speed&quot;:&quot;0&quot;,&quot;title&quot;:&quot;&quot;,&quot;orientation&quot;:&quot;0&quot;}\" data-image-title=\"AISchema\" data-image-description=\"\" data-image-caption=\"\" data-medium-file=\"https:\/\/i0.wp.com\/echokardio.de\/wp-content\/uploads\/2019\/01\/AISchema.png?fit=300%2C185&amp;ssl=1\" data-large-file=\"https:\/\/i0.wp.com\/echokardio.de\/wp-content\/uploads\/2019\/01\/AISchema.png?fit=750%2C463&amp;ssl=1\" width=\"750\" height=\"463\" src=\"https:\/\/i0.wp.com\/echokardio.de\/wp-content\/uploads\/2019\/01\/AISchema.png?fit=750%2C463&amp;ssl=1\" class=\"attachment-large size-large wp-image-261\" alt=\"\" srcset=\"https:\/\/i0.wp.com\/echokardio.de\/wp-content\/uploads\/2019\/01\/AISchema.png?w=945&amp;ssl=1 945w, https:\/\/i0.wp.com\/echokardio.de\/wp-content\/uploads\/2019\/01\/AISchema.png?resize=300%2C185&amp;ssl=1 300w, https:\/\/i0.wp.com\/echokardio.de\/wp-content\/uploads\/2019\/01\/AISchema.png?resize=768%2C475&amp;ssl=1 768w\" sizes=\"(max-width: 750px) 100vw, 750px\" \/>\t\t\t\t\t\t\t\t\t\t\t\t\t\t\t<\/div>\n\t\t\t\t<\/div>\n\t\t\t\t<div class=\"elementor-element elementor-element-0223c18 elementor-widget elementor-widget-spacer\" data-id=\"0223c18\" data-element_type=\"widget\" data-e-type=\"widget\" data-widget_type=\"spacer.default\">\n\t\t\t\t<div class=\"elementor-widget-container\">\n\t\t\t\t\t\t\t<div class=\"elementor-spacer\">\n\t\t\t<div class=\"elementor-spacer-inner\"><\/div>\n\t\t<\/div>\n\t\t\t\t\t\t<\/div>\n\t\t\t\t<\/div>\n\t\t\t\t<div class=\"elementor-element elementor-element-1d96d8f elementor-widget elementor-widget-text-editor\" data-id=\"1d96d8f\" data-element_type=\"widget\" data-e-type=\"widget\" data-widget_type=\"text-editor.default\">\n\t\t\t\t<div class=\"elementor-widget-container\">\n\t\t\t\t\t\t\t\t\t<p><a style=\"font-family: Lato, sans-serif; font-variant-caps: normal; font-size: 16px; font-style: normal;\" href=\"http:\/\/asecho.org\/wordpress\/wp-content\/uploads\/2017\/04\/2017VavularRegurgitationGuideline.pdf\" data-wplink-edit=\"true\" rel=\"nofollow noopener\" target=\"_blank\">JASE April 2017<\/a><\/p>\t\t\t\t\t\t\t\t<\/div>\n\t\t\t\t<\/div>\n\t\t\t\t<div class=\"elementor-element elementor-element-15da7b8 elementor-widget elementor-widget-wp-widget-nav_menu\" data-id=\"15da7b8\" data-element_type=\"widget\" data-e-type=\"widget\" data-widget_type=\"wp-widget-nav_menu.default\">\n\t\t\t\t<div class=\"elementor-widget-container\">\n\t\t\t\t\t<aside class=\"widget\"><h3 class=\"widget-title\"><span>Erg\u00e4nzungen<\/span><\/h3><div class=\"menu-errata-container\"><ul id=\"menu-errata\" class=\"menu\"><li id=\"menu-item-208\" class=\"menu-item menu-item-type-post_type menu-item-object-page menu-item-208\"><a href=\"https:\/\/echokardio.de\/en\/erganzungen-zur-5-auflage-errata\/\">Erg\u00e4nzungen (1\/5) neue ASE-Leitlinien zu Klappeninsuffizienzen<\/a><\/li>\n<li id=\"menu-item-191\" class=\"menu-item menu-item-type-post_type menu-item-object-page menu-item-191\"><a href=\"https:\/\/echokardio.de\/en\/weiter-zur-trikuspidalinsuffizienz\/\">Erg\u00e4nzungen (2\/5) neue ASE-Leitlinien zu Klappeninsuffizienzen (TI)<\/a><\/li>\n<li id=\"menu-item-192\" class=\"menu-item menu-item-type-post_type menu-item-object-page menu-item-192\"><a href=\"https:\/\/echokardio.de\/en\/erganzungen-3-5\/\">Erg\u00e4nzungen (3\/5) Aorteninsuffizienz<\/a><\/li>\n<li id=\"menu-item-206\" class=\"menu-item menu-item-type-post_type menu-item-object-page menu-item-206\"><a href=\"https:\/\/echokardio.de\/en\/erganzungen-4-5-pulmonalinsuffizienz\/\">Erg\u00e4nzungen (4\/5) Pulmonalinsuffizienz<\/a><\/li>\n<li id=\"menu-item-207\" class=\"menu-item menu-item-type-post_type menu-item-object-page menu-item-207\"><a href=\"https:\/\/echokardio.de\/en\/erganzungen-5-5-aortenstenose\/\">Erg\u00e4nzungen (5\/5) Aortenstenose<\/a><\/li>\n<\/ul><\/div><\/aside>\t\t\t\t<\/div>\n\t\t\t\t<\/div>\n\t\t\t\t\t<\/div>\n\t\t<\/div>\n\t\t\t\t\t<\/div>\n\t\t<\/section>\n\t\t\t\t<\/div>","protected":false},"excerpt":{"rendered":"<p>Aorteninsuffizienz (ASE 2017) \u00a0 Betroffen ist in Block 5 die Folie 55 \u00a0 Quantifizierung analog zu MI: zun\u00e4chst spezifische Kriterien \u00fcberpr\u00fcfen: &#8211; VC &gt; 6 mm &#8211; Pressure Half Time &lt; 200 ms &#8211; deutliches PISA &#8211; holodiastolischer Reflux in<\/p>","protected":false},"author":1,"featured_media":0,"parent":0,"menu_order":0,"comment_status":"closed","ping_status":"closed","template":"","meta":{"jetpack_post_was_ever_published":false,"footnotes":""},"class_list":["post-182","page","type-page","status-publish","hentry"],"jetpack_sharing_enabled":true,"jetpack_shortlink":"https:\/\/wp.me\/PaCb4I-2W","jetpack-related-posts":[{"id":27,"url":"https:\/\/echokardio.de\/en\/kongresse\/","url_meta":{"origin":182,"position":0},"title":"Congresses","author":"admin","date":"January 12, 2019","format":false,"excerpt":"This page lists major international congresses in echocardiography and cardiovascular imaging, with a focus on transthoracic (TTE) and transesophageal (TEE) ultrasound.Included are scientific meetings such as ASE, EACVI, CSI and other leading cardiovascular conferences featuring guideline updates, advanced imaging sessions, and continuing medical education (CME).The overview is regularly updated and\u2026","rel":"","context":"Similar post","block_context":{"text":"Similar post","link":""},"img":{"alt_text":"","src":"https:\/\/i0.wp.com\/echokardio.de\/wp-content\/uploads\/2026\/01\/scaled_1-1024x370.png?resize=350%2C200&ssl=1","width":350,"height":200,"srcset":"https:\/\/i0.wp.com\/echokardio.de\/wp-content\/uploads\/2026\/01\/scaled_1-1024x370.png?resize=350%2C200&ssl=1 1x, https:\/\/i0.wp.com\/echokardio.de\/wp-content\/uploads\/2026\/01\/scaled_1-1024x370.png?resize=525%2C300&ssl=1 1.5x, https:\/\/i0.wp.com\/echokardio.de\/wp-content\/uploads\/2026\/01\/scaled_1-1024x370.png?resize=700%2C400&ssl=1 2x"},"classes":[]}],"_links":{"self":[{"href":"https:\/\/echokardio.de\/en\/wp-json\/wp\/v2\/pages\/182","targetHints":{"allow":["GET"]}}],"collection":[{"href":"https:\/\/echokardio.de\/en\/wp-json\/wp\/v2\/pages"}],"about":[{"href":"https:\/\/echokardio.de\/en\/wp-json\/wp\/v2\/types\/page"}],"author":[{"embeddable":true,"href":"https:\/\/echokardio.de\/en\/wp-json\/wp\/v2\/users\/1"}],"replies":[{"embeddable":true,"href":"https:\/\/echokardio.de\/en\/wp-json\/wp\/v2\/comments?post=182"}],"version-history":[{"count":12,"href":"https:\/\/echokardio.de\/en\/wp-json\/wp\/v2\/pages\/182\/revisions"}],"predecessor-version":[{"id":299,"href":"https:\/\/echokardio.de\/en\/wp-json\/wp\/v2\/pages\/182\/revisions\/299"}],"wp:attachment":[{"href":"https:\/\/echokardio.de\/en\/wp-json\/wp\/v2\/media?parent=182"}],"curies":[{"name":"wp","href":"https:\/\/api.w.org\/{rel}","templated":true}]}}